{"id":14,"date":"2020-02-01T19:05:12","date_gmt":"2020-02-01T19:05:12","guid":{"rendered":"http:\/\/escoladegoverno.com.br\/?page_id=14"},"modified":"2022-03-16T16:16:53","modified_gmt":"2022-03-16T16:16:53","slug":"instructors","status":"publish","type":"page","link":"https:\/\/escoladegoverno.com.br\/?page_id=14","title":{"rendered":"Palestrante"},"content":{"rendered":"\t\t<div data-elementor-type=\"wp-page\" data-elementor-id=\"14\" class=\"elementor elementor-14\" data-elementor-settings=\"[]\">\n\t\t\t\t\t\t\t<div class=\"elementor-section-wrap\">\n\t\t\t\t\t\t\t<section class=\"elementor-section elementor-top-section elementor-element elementor-element-48e9e70 elementor-section-boxed elementor-section-height-default elementor-section-height-default\" data-id=\"48e9e70\" data-element_type=\"section\" data-settings=\"{&quot;background_background&quot;:&quot;classic&quot;}\">\n\t\t\t\t\t\t\t<div class=\"elementor-background-overlay\"><\/div>\n\t\t\t\t\t\t\t<div class=\"elementor-container elementor-column-gap-no\">\n\t\t\t\t\t<div class=\"elementor-column elementor-col-100 elementor-top-column elementor-element elementor-element-4481634\" data-id=\"4481634\" data-element_type=\"column\">\n\t\t\t<div class=\"elementor-widget-wrap elementor-element-populated\">\n\t\t\t\t\t\t\t\t<div class=\"elementor-element elementor-element-9c78992 elementor-widget elementor-widget-heading\" data-id=\"9c78992\" data-element_type=\"widget\" data-widget_type=\"heading.default\">\n\t\t\t\t<div class=\"elementor-widget-container\">\n\t\t\t<style>\/*! elementor - v3.5.6 - 28-02-2022 *\/\n.elementor-heading-title{padding:0;margin:0;line-height:1}.elementor-widget-heading .elementor-heading-title[class*=elementor-size-]>a{color:inherit;font-size:inherit;line-height:inherit}.elementor-widget-heading .elementor-heading-title.elementor-size-small{font-size:15px}.elementor-widget-heading .elementor-heading-title.elementor-size-medium{font-size:19px}.elementor-widget-heading .elementor-heading-title.elementor-size-large{font-size:29px}.elementor-widget-heading .elementor-heading-title.elementor-size-xl{font-size:39px}.elementor-widget-heading .elementor-heading-title.elementor-size-xxl{font-size:59px}<\/style><h1 class=\"elementor-heading-title elementor-size-default\">Palestrante<\/h1>\t\t<\/div>\n\t\t\t\t<\/div>\n\t\t\t\t<div class=\"elementor-element elementor-element-7db6cb4 elementor-widget elementor-widget-text-editor\" data-id=\"7db6cb4\" data-element_type=\"widget\" data-widget_type=\"text-editor.default\">\n\t\t\t\t<div class=\"elementor-widget-container\">\n\t\t\t<style>\/*! elementor - v3.5.6 - 28-02-2022 *\/\n.elementor-widget-text-editor.elementor-drop-cap-view-stacked .elementor-drop-cap{background-color:#818a91;color:#fff}.elementor-widget-text-editor.elementor-drop-cap-view-framed .elementor-drop-cap{color:#818a91;border:3px solid;background-color:transparent}.elementor-widget-text-editor:not(.elementor-drop-cap-view-default) .elementor-drop-cap{margin-top:8px}.elementor-widget-text-editor:not(.elementor-drop-cap-view-default) .elementor-drop-cap-letter{width:1em;height:1em}.elementor-widget-text-editor .elementor-drop-cap{float:left;text-align:center;line-height:1;font-size:50px}.elementor-widget-text-editor .elementor-drop-cap-letter{display:inline-block}<\/style>\t\t\t\t\t\t\t\t\t\t<\/div>\n\t\t\t\t<\/div>\n\t\t\t\t\t<\/div>\n\t\t<\/div>\n\t\t\t\t\t\t\t<\/div>\n\t\t<\/section>\n\t\t\t\t<section class=\"elementor-section elementor-top-section elementor-element elementor-element-82fecd6 elementor-section-content-middle elementor-section-boxed elementor-section-height-default elementor-section-height-default\" data-id=\"82fecd6\" data-element_type=\"section\" data-settings=\"{&quot;background_background&quot;:&quot;classic&quot;}\">\n\t\t\t\t\t\t<div class=\"elementor-container elementor-column-gap-no\">\n\t\t\t\t\t<div class=\"elementor-column elementor-col-33 elementor-top-column elementor-element elementor-element-f69e819\" data-id=\"f69e819\" data-element_type=\"column\">\n\t\t\t<div class=\"elementor-widget-wrap elementor-element-populated\">\n\t\t\t\t\t\t\t\t<div class=\"elementor-element elementor-element-5b9c49e elementor-widget elementor-widget-heading\" data-id=\"5b9c49e\" data-element_type=\"widget\" data-widget_type=\"heading.default\">\n\t\t\t\t<div class=\"elementor-widget-container\">\n\t\t\t<h6 class=\"elementor-heading-title elementor-size-default\">Palestrante<\/h6>\t\t<\/div>\n\t\t\t\t<\/div>\n\t\t\t\t<div class=\"elementor-element elementor-element-f6e8492 elementor-widget elementor-widget-heading\" data-id=\"f6e8492\" data-element_type=\"widget\" data-widget_type=\"heading.default\">\n\t\t\t\t<div class=\"elementor-widget-container\">\n\t\t\t<h2 class=\"elementor-heading-title elementor-size-default\">Nossa Equipe<\/h2>\t\t<\/div>\n\t\t\t\t<\/div>\n\t\t\t\t\t<\/div>\n\t\t<\/div>\n\t\t\t\t<div class=\"elementor-column elementor-col-66 elementor-top-column elementor-element elementor-element-e16f0cf\" data-id=\"e16f0cf\" data-element_type=\"column\">\n\t\t\t<div class=\"elementor-widget-wrap elementor-element-populated\">\n\t\t\t\t\t\t\t\t<div class=\"elementor-element elementor-element-242b535 elementor-widget elementor-widget-text-editor\" data-id=\"242b535\" data-element_type=\"widget\" data-widget_type=\"text-editor.default\">\n\t\t\t\t<div class=\"elementor-widget-container\">\n\t\t\t\t\t\t\t<p>Possu\u00edmos equipes com grande experi\u00eancia em capacitar os servidores p\u00fablicos e entidades para elabora\u00e7\u00e3o de editais para licita\u00e7\u00f5es e contratos p\u00fablico, sempre atendendo a legisla\u00e7\u00e3o vigente.<\/p>\t\t\t\t\t\t<\/div>\n\t\t\t\t<\/div>\n\t\t\t\t\t<\/div>\n\t\t<\/div>\n\t\t\t\t\t\t\t<\/div>\n\t\t<\/section>\n\t\t\t\t<section class=\"elementor-section elementor-top-section elementor-element elementor-element-e82296c elementor-section-boxed elementor-section-height-default elementor-section-height-default\" data-id=\"e82296c\" data-element_type=\"section\">\n\t\t\t\t\t\t<div class=\"elementor-container elementor-column-gap-default\">\n\t\t\t\t\t<div class=\"elementor-column elementor-col-33 elementor-top-column elementor-element elementor-element-76df5c3\" data-id=\"76df5c3\" data-element_type=\"column\" data-settings=\"{&quot;background_background&quot;:&quot;classic&quot;}\">\n\t\t\t<div class=\"elementor-widget-wrap elementor-element-populated\">\n\t\t\t\t\t\t\t\t<div class=\"elementor-element elementor-element-c11f663 elementor-widget elementor-widget-image\" data-id=\"c11f663\" data-element_type=\"widget\" data-widget_type=\"image.default\">\n\t\t\t\t<div class=\"elementor-widget-container\">\n\t\t\t<style>\/*! elementor - v3.5.6 - 28-02-2022 *\/\n.elementor-widget-image{text-align:center}.elementor-widget-image a{display:inline-block}.elementor-widget-image a img[src$=\".svg\"]{width:48px}.elementor-widget-image img{vertical-align:middle;display:inline-block}<\/style>\t\t\t\t\t\t\t\t\t\t\t\t<img loading=\"lazy\" decoding=\"async\" width=\"478\" height=\"241\" src=\"https:\/\/i0.wp.com\/escoladegoverno.com.br\/wp-content\/uploads\/2022\/03\/kaka.png?fit=478%2C241&amp;ssl=1\" class=\"attachment-medium_large size-medium_large\" alt=\"\" srcset=\"https:\/\/i0.wp.com\/escoladegoverno.com.br\/wp-content\/uploads\/2022\/03\/kaka.png?w=478&amp;ssl=1 478w, https:\/\/i0.wp.com\/escoladegoverno.com.br\/wp-content\/uploads\/2022\/03\/kaka.png?resize=300%2C151&amp;ssl=1 300w\" sizes=\"(max-width: 478px) 100vw, 478px\" \/>\t\t\t\t\t\t\t\t\t\t\t\t\t\t\t<\/div>\n\t\t\t\t<\/div>\n\t\t\t\t<div class=\"elementor-element elementor-element-ada65d6 elementor-widget elementor-widget-heading\" data-id=\"ada65d6\" data-element_type=\"widget\" data-widget_type=\"heading.default\">\n\t\t\t\t<div class=\"elementor-widget-container\">\n\t\t\t<h6 class=\"elementor-heading-title elementor-size-default\">Licita\u00e7\u00f5es<\/h6>\t\t<\/div>\n\t\t\t\t<\/div>\n\t\t\t\t<div class=\"elementor-element elementor-element-917239f elementor-widget elementor-widget-heading\" data-id=\"917239f\" data-element_type=\"widget\" data-widget_type=\"heading.default\">\n\t\t\t\t<div class=\"elementor-widget-container\">\n\t\t\t<h4 class=\"elementor-heading-title elementor-size-default\">Dr\u00ba Carlos Eduardo B. Teixeira<\/h4>\t\t<\/div>\n\t\t\t\t<\/div>\n\t\t\t\t<div class=\"elementor-element elementor-element-9d7146d elementor-widget elementor-widget-text-editor\" data-id=\"9d7146d\" data-element_type=\"widget\" data-widget_type=\"text-editor.default\">\n\t\t\t\t<div class=\"elementor-widget-container\">\n\t\t\t\t\t\t\t<p>Advogado Especialista em Direito P\u00fablico, Procurador Jur\u00eddico de Munic\u00edpio,\u00a0 Consultor Jur\u00eddico e Conferencista.\u00a0<\/p>\t\t\t\t\t\t<\/div>\n\t\t\t\t<\/div>\n\t\t\t\t\t<\/div>\n\t\t<\/div>\n\t\t\t\t<div class=\"elementor-column elementor-col-33 elementor-top-column elementor-element elementor-element-fa3ca0c\" data-id=\"fa3ca0c\" data-element_type=\"column\" data-settings=\"{&quot;background_background&quot;:&quot;classic&quot;}\">\n\t\t\t<div class=\"elementor-widget-wrap elementor-element-populated\">\n\t\t\t\t\t\t\t\t\t<\/div>\n\t\t<\/div>\n\t\t\t\t<div class=\"elementor-column elementor-col-33 elementor-top-column elementor-element elementor-element-d34656b\" data-id=\"d34656b\" data-element_type=\"column\" data-settings=\"{&quot;background_background&quot;:&quot;classic&quot;}\">\n\t\t\t<div class=\"elementor-widget-wrap elementor-element-populated\">\n\t\t\t\t\t\t\t\t\t<\/div>\n\t\t<\/div>\n\t\t\t\t\t\t\t<\/div>\n\t\t<\/section>\n\t\t\t\t\t\t<\/div>\n\t\t\t\t\t<\/div>\n\t\t","protected":false},"excerpt":{"rendered":"<p>Palestrante Palestrante Nossa Equipe Possu\u00edmos equipes com grande experi\u00eancia em capacitar os servidores p\u00fablicos e entidades para elabora\u00e7\u00e3o de editais para licita\u00e7\u00f5es e contratos p\u00fablico, sempre atendendo a legisla\u00e7\u00e3o vigente. Licita\u00e7\u00f5es Dr\u00ba Carlos Eduardo B. Teixeira Advogado Especialista em Direito P\u00fablico, Procurador Jur\u00eddico de Munic\u00edpio,\u00a0 Consultor Jur\u00eddico e Conferencista.\u00a0<\/p>\n","protected":false},"author":1,"featured_media":0,"parent":0,"menu_order":0,"comment_status":"closed","ping_status":"closed","template":"","meta":{"site-sidebar-layout":"no-sidebar","site-content-layout":"page-builder","ast-site-content-layout":"","site-content-style":"default","site-sidebar-style":"default","ast-global-header-display":"","ast-banner-title-visibility":"","ast-main-header-display":"","ast-hfb-above-header-display":"","ast-hfb-below-header-display":"","ast-hfb-mobile-header-display":"","site-post-title":"disabled","ast-breadcrumbs-content":"disabled","ast-featured-img":"disabled","footer-sml-layout":"","theme-transparent-header-meta":"enabled","adv-header-id-meta":"","stick-header-meta":"","header-above-stick-meta":"","header-main-stick-meta":"","header-below-stick-meta":"","astra-migrate-meta-layouts":"default","ast-page-background-enabled":"default","ast-page-background-meta":{"desktop":{"background-color":"","background-image":"","background-repeat":"repeat","background-position":"center center","background-size":"auto","background-attachment":"scroll","background-type":"","background-media":"","overlay-type":"","overlay-color":"","overlay-gradient":""},"tablet":{"background-color":"","background-image":"","background-repeat":"repeat","background-position":"center center","background-size":"auto","background-attachment":"scroll","background-type":"","background-media":"","overlay-type":"","overlay-color":"","overlay-gradient":""},"mobile":{"background-color":"","background-image":"","background-repeat":"repeat","background-position":"center center","background-size":"auto","background-attachment":"scroll","background-type":"","background-media":"","overlay-type":"","overlay-color":"","overlay-gradient":""}},"ast-content-background-meta":{"desktop":{"background-color":"var(--ast-global-color-5)","background-image":"","background-repeat":"repeat","background-position":"center center","background-size":"auto","background-attachment":"scroll","background-type":"","background-media":"","overlay-type":"","overlay-color":"","overlay-gradient":""},"tablet":{"background-color":"var(--ast-global-color-5)","background-image":"","background-repeat":"repeat","background-position":"center center","background-size":"auto","background-attachment":"scroll","background-type":"","background-media":"","overlay-type":"","overlay-color":"","overlay-gradient":""},"mobile":{"background-color":"var(--ast-global-color-5)","background-image":"","background-repeat":"repeat","background-position":"center center","background-size":"auto","background-attachment":"scroll","background-type":"","background-media":"","overlay-type":"","overlay-color":"","overlay-gradient":""}},"spay_email":"","footnotes":""},"jetpack-related-posts":[{"id":16,"url":"https:\/\/escoladegoverno.com.br\/?page_id=16","url_meta":{"origin":14,"position":0},"title":"Valores","date":"1 de fevereiro de 2020","format":false,"excerpt":"Valores Resultados Investimento Nosso curso presa pela sua qualidade em garantir resultados e contribuir por uma gest\u00e3o p\u00fablica mais eficiente. Quanto Custa? R$ 1.450,00 \u00a0Para 02 ou mais inscri\u00e7\u00f5estemos um desconto especialFORMA DE PAGAMENTO: Pr\u00e9-Empenho, TED, PIXCarga Hor\u00e1ria: 8hrs (9h \u00e1s 16h)Almo\u00e7o: 12hCoffee Break: 10h30 \u00e0s 15h50 Carga Hor\u00e1ria Temas\u2026","rel":"","context":"Post similar","img":{"alt_text":"","src":"https:\/\/i0.wp.com\/escoladegoverno.com.br\/wp-content\/uploads\/2020\/10\/pattern-v.png?resize=350%2C200","width":350,"height":200},"classes":[]},{"id":476,"url":"https:\/\/escoladegoverno.com.br\/?page_id=476","url_meta":{"origin":14,"position":1},"title":"Sobre o Curso","date":"8 de abril de 2020","format":false,"excerpt":"Sobre o Curso Lei n\u00ba. 14.133 Formar e capacitar pregoeiros e membros da equipe de apoio apresentando-lhes as fases interna e externa da Nova Lei de Licita\u00e7\u00f5es, com questionamentos de situa\u00e7\u00f5es que podem ocorrer durante a sess\u00e3o, dentre outros aspectos important\u00edssimos e que t\u00eam causado d\u00favidas nos servidores que atuam\u2026","rel":"","context":"Post similar","img":{"alt_text":"","src":"","width":0,"height":0},"classes":[]},{"id":850,"url":"https:\/\/escoladegoverno.com.br\/","url_meta":{"origin":14,"position":2},"title":"Home","date":"1 de fevereiro de 2020","format":false,"excerpt":"19 de abril em Franca Nova Leide Licita\u00e7\u00f5es A Lei n\u00ba 14.133, de 1\u00ba de abril de 2021, estabelece normas gerais de licita\u00e7\u00e3o e contrata\u00e7\u00e3o para as Administra\u00e7\u00f5es P\u00fablicas diretas, aut\u00e1rquicas e fundacionais da Uni\u00e3o, dos Estados, do Distrito Federal e dos Munic\u00edpios. Fa\u00e7a sua inscri\u00e7\u00e3o conhe\u00e7a o curso Lei\u2026","rel":"","context":"Post similar","img":{"alt_text":"","src":"","width":0,"height":0},"classes":[]},{"id":12,"url":"https:\/\/escoladegoverno.com.br\/?page_id=12","url_meta":{"origin":14,"position":3},"title":"Contato","date":"1 de fevereiro de 2020","format":false,"excerpt":"Fale Conosco Contato www.escoladegoverno.com.br Rua Gleice Kelli da Silva Oliveira - Cristais Paulista\/SP - CEP 14.460-000 contato@escoladegoverno.com.br (16) 9.9176-2742 (16) 9.9238-6590 Atendimento via WhatsApp Acesse nossa redes sociais Facebook Twitter Pinterest Youtube","rel":"","context":"Post similar","img":{"alt_text":"","src":"","width":0,"height":0},"classes":[]}],"_links":{"self":[{"href":"https:\/\/escoladegoverno.com.br\/index.php?rest_route=\/wp\/v2\/pages\/14"}],"collection":[{"href":"https:\/\/escoladegoverno.com.br\/index.php?rest_route=\/wp\/v2\/pages"}],"about":[{"href":"https:\/\/escoladegoverno.com.br\/index.php?rest_route=\/wp\/v2\/types\/page"}],"author":[{"embeddable":true,"href":"https:\/\/escoladegoverno.com.br\/index.php?rest_route=\/wp\/v2\/users\/1"}],"replies":[{"embeddable":true,"href":"https:\/\/escoladegoverno.com.br\/index.php?rest_route=%2Fwp%2Fv2%2Fcomments&post=14"}],"version-history":[{"count":20,"href":"https:\/\/escoladegoverno.com.br\/index.php?rest_route=\/wp\/v2\/pages\/14\/revisions"}],"predecessor-version":[{"id":1063,"href":"https:\/\/escoladegoverno.com.br\/index.php?rest_route=\/wp\/v2\/pages\/14\/revisions\/1063"}],"wp:attachment":[{"href":"https:\/\/escoladegoverno.com.br\/index.php?rest_route=%2Fwp%2Fv2%2Fmedia&parent=14"}],"curies":[{"name":"wp","href":"https:\/\/api.w.org\/{rel}","templated":true}]}}